{"id":5374,"date":"2022-07-27T14:47:15","date_gmt":"2022-07-27T12:47:15","guid":{"rendered":"https:\/\/pensionlambrecht.at\/imprint-data-privacy\/"},"modified":"2022-09-08T09:03:03","modified_gmt":"2022-09-08T07:03:03","slug":"imprint-data-privacy","status":"publish","type":"page","link":"https:\/\/pensionlambrecht.at\/en\/imprint-data-privacy\/","title":{"rendered":"Imprint &#038; Data privacy"},"content":{"rendered":"\t\t<div data-elementor-type=\"wp-page\" data-elementor-id=\"5374\" class=\"elementor elementor-5374 elementor-4848\" data-elementor-post-type=\"page\">\n\t\t\t\t\t\t<section class=\"elementor-section elementor-top-section elementor-element elementor-element-7ff20ca elementor-section-full_width qodef-elementor-content-grid elementor-section-height-default elementor-section-height-default\" data-id=\"7ff20ca\" data-element_type=\"section\" data-e-type=\"section\">\n\t\t\t\t\t\t<div class=\"elementor-container elementor-column-gap-no\">\n\t\t\t\t\t<div class=\"elementor-column elementor-col-100 elementor-top-column elementor-element elementor-element-500b04f\" data-id=\"500b04f\" data-element_type=\"column\" data-e-type=\"column\">\n\t\t\t<div class=\"elementor-widget-wrap elementor-element-populated\">\n\t\t\t\t\t\t<div class=\"elementor-element elementor-element-f175bc6 elementor-widget elementor-widget-text-editor\" data-id=\"f175bc6\" data-element_type=\"widget\" data-e-type=\"widget\" data-widget_type=\"text-editor.default\">\n\t\t\t\t<div class=\"elementor-widget-container\">\n\t\t\t\t\t\t\t\t\t<h1>Impressum &amp; Datenschutz\u00a0\u00a0<\/h1><p>Der Schutz Ihrer pers\u00f6nlichen Daten ist uns ein besonderes Anliegen. Wir verarbeiten Ihre Daten ausschlie\u00dflich im Rahmen der gesetzlichen Bestimmungen (DSGVO, DSG 2000, TKG 2003). In diesen Datenschutzinformationen informieren wir Sie \u00fcber die wichtigsten Aspekte der Datenverarbeitung im Rahmen unserer Website.<\/p><h2>Kontakt mit uns<\/h2><p>Wenn Sie per Formular auf der Website oder per E-Mail Kontakt mit uns aufnehmen, werden Ihre angegebenen Daten nach Bearbeitung der Anfrage gel\u00f6scht. Wir geben diese Daten nicht an Dritte weiter!<\/p><p>Im Falle einer Dateneingabe \u00fcber ein Formular auf dieser Website werden au\u00dferdem Ihre verwendete IP-Adresse sowie der User-Agent-String (damit wird der Browser identifiziert) gesammelt, um mit diesen Daten die Erkennung von Spam zu unterst\u00fctzen.<\/p><p>In Formularen eingegebene Daten k\u00f6nnten dabei von einem automatisierten Dienst zur Spam-Erkennung untersucht werden.<\/p><h2>Cookies<\/h2><p>Unsere Website verwendet so genannte Cookies. Dabei handelt es sich um kleine Textdateien, die mit Hilfe des Browsers auf Ihrem Endger\u00e4t abgelegt werden. Sie richten keinen Schaden an.<\/p><p>Wir nutzen Cookies dazu, unser Angebot benutzerfreundlich zu gestalten. Einige Cookies bleiben auf Ihrem Endger\u00e4t gespeichert, bis Sie diese l\u00f6schen. Dies erm\u00f6glicht uns, Ihren Browser beim n\u00e4chsten Besuch wiederzuerkennen.<\/p><p>Wenn Sie dies nicht w\u00fcnschen, k\u00f6nnen Sie Ihren Browser so einrichten, dass er Sie \u00fcber das Setzen von Cookies informiert und Sie dies nur im Einzelfall zulassen.<\/p><p>Wenn Sie eine Nachricht \u00fcber Formulare auf dieser Website schreiben, kann das eine Einwilligung sein, Ihren Namen, E-Mail-Adresse und ggf. Website in Cookies zu speichern. Diese Cookies werden ein Jahr lang gespeichert.<\/p><p>Bei der Deaktivierung von Cookies kann die Funktionalit\u00e4t unserer Website eingeschr\u00e4nkt sein.<\/p><h2>Eingebettete Inhalte von anderen Websites<\/h2><p>Beitr\u00e4ge auf dieser Website k\u00f6nnen eingebettete Inhalte beinhalten (z. B. Videos, Bilder, Beitr\u00e4ge etc.). Eingebettete Inhalte von anderen Websites verhalten sich exakt so, als ob der Besucher die andere Website besucht h\u00e4tte.<\/p><p>Diese Websites k\u00f6nnen Daten \u00fcber Sie sammeln, Cookies benutzen, zus\u00e4tzliche Tracking-Dienste von Dritten einbetten und Ihre Interaktion mit diesem eingebetteten Inhalt aufzeichnen, inklusive Ihrer Interaktion mit dem eingebetteten Inhalt, falls Sie ein Benutzerkonto beim eingebundenen Drittanbieter haben und auch dort angemeldet sind.<\/p><h2>SSL- bzw. TLS-Verschl\u00fcsselung<\/h2><p>Diese Seite nutzt aus Sicherheitsgr\u00fcnden und zum Schutz der \u00dcbertragung vertraulicher Inhalte, wie beispielsweise Kontaktanfragen, die Sie an uns als Seitenbetreiber senden, eine SSL-bzw. TLS-Verschl\u00fcsselung. Eine verschl\u00fcsselte Verbindung erkennen Sie daran, dass die Adresszeile des Browsers von \u201chttp:\/\/\u201d auf \u201chttps:\/\/\u201d wechselt und an dem Schloss-Symbol in Ihrer Browserzeile.<\/p><p>Wenn die SSL- bzw. TLS-Verschl\u00fcsselung aktiviert ist, k\u00f6nnen die Daten, die Sie an uns \u00fcbermitteln, nicht von Dritten mitgelesen werden.<\/p><h2>Ihre Rechte<\/h2><p>Ihnen stehen grunds\u00e4tzlich die Rechte auf Auskunft, Berichtigung, L\u00f6schung, Einschr\u00e4nkung, Daten\u00fcbertragbarkeit, Widerruf und Widerspruch. Daf\u00fcr wenden Sie sich an uns. Wenn Sie glauben, dass die Verarbeitung Ihrer Daten gegen das Datenschutzrecht verst\u00f6\u00dft oder Ihre datenschutzrechtlichen Anspr\u00fcche sonst in einer Weise verletzt worden sind, k\u00f6nnen Sie sich bei der Aufsichtsbeh\u00f6rde beschweren. In \u00d6sterreich ist die Datenschutzbeh\u00f6rde zust\u00e4ndig.<\/p><h2>Webfonts<\/h2><p>Diese Seite nutzt zur einheitlichen Darstellung von Schriftarten so genannte Webfonts, die von Google und Typekit bzw. Adobe bereitgestellt werden. Beim Aufruf einer Seite l\u00e4dt Ihr Browser die ben\u00f6tigten Webfonts in Ihren Browsercache, um Texte und Schriftarten korrekt anzuzeigen. Wenn Ihr Browser Web Fonts nicht unterst\u00fctzt, wird eine Standardschrift von Ihrem Computer genutzt.<\/p><p>Weitere Informationen zu Google Web Fonts finden Sie unter\u00a0<a href=\"https:\/\/developers.google.com\/fonts\/faq\" target=\"_blank\" rel=\"noopener noreferrer\">https:\/\/developers.google.com\/fonts\/faq<\/a>\u00a0und in der Datenschutzerkl\u00e4rung von Google:\u00a0<a href=\"https:\/\/www.google.com\/policies\/privacy\/\" target=\"_blank\" rel=\"noopener noreferrer\">https:\/\/www.google.com\/policies\/privacy\/<\/a><\/p><h2>Sie erreichen uns unter folgenden Kontaktdaten:<\/h2><p><strong>Pension Lambrecht<\/strong><br \/>Vogeltenn 2<br \/>A-8813 St. Lambrecht<br \/>Tel. <a href=\"tel:+43 664 4360782\">+43 664 4360782<\/a><br \/>Mail: <a href=\"mailto:welcome@pensionlambrecht.at\">welcome@pensionlambrecht.at<\/a><\/p>\t\t\t\t\t\t\t\t<\/div>\n\t\t\t\t<\/div>\n\t\t\t\t\t<\/div>\n\t\t<\/div>\n\t\t\t\t\t<\/div>\n\t\t<\/section>\n\t\t\t\t<\/div>\n\t\t","protected":false},"excerpt":{"rendered":"<p>Impressum &amp; Datenschutz\u00a0\u00a0 Der Schutz Ihrer pers\u00f6nlichen Daten ist uns ein besonderes Anliegen. Wir verarbeiten Ihre Daten ausschlie\u00dflich im Rahmen der gesetzlichen Bestimmungen (DSGVO, DSG 2000, TKG 2003). In diesen Datenschutzinformationen informieren wir Sie \u00fcber die wichtigsten Aspekte der Datenverarbeitung im Rahmen unserer Website. Kontakt mit uns Wenn Sie per Formular auf der Website oder [&hellip;]<\/p>\n","protected":false},"author":2,"featured_media":0,"parent":0,"menu_order":0,"comment_status":"closed","ping_status":"closed","template":"page-full-width.php","meta":{"footnotes":""},"class_list":["post-5374","page","type-page","status-publish","hentry"],"yoast_head":"<!-- This site is optimized with the Yoast SEO plugin v27.3 - https:\/\/yoast.com\/product\/yoast-seo-wordpress\/ -->\n<title>Imprint &amp; Data privacy - Pension St. Lambrecht<\/title>\n<meta name=\"robots\" content=\"index, follow, max-snippet:-1, max-image-preview:large, max-video-preview:-1\" \/>\n<link rel=\"canonical\" href=\"https:\/\/pensionlambrecht.at\/en\/imprint-data-privacy\/\" \/>\n<meta property=\"og:locale\" content=\"en_US\" \/>\n<meta property=\"og:type\" content=\"article\" \/>\n<meta property=\"og:title\" content=\"Imprint &amp; Data privacy - Pension St. Lambrecht\" \/>\n<meta property=\"og:description\" content=\"Impressum &amp; Datenschutz\u00a0\u00a0 Der Schutz Ihrer pers\u00f6nlichen Daten ist uns ein besonderes Anliegen. Wir verarbeiten Ihre Daten ausschlie\u00dflich im Rahmen der gesetzlichen Bestimmungen (DSGVO, DSG 2000, TKG 2003). In diesen Datenschutzinformationen informieren wir Sie \u00fcber die wichtigsten Aspekte der Datenverarbeitung im Rahmen unserer Website. Kontakt mit uns Wenn Sie per Formular auf der Website oder [&hellip;]\" \/>\n<meta property=\"og:url\" content=\"https:\/\/pensionlambrecht.at\/en\/imprint-data-privacy\/\" \/>\n<meta property=\"og:site_name\" content=\"Pension St. Lambrecht\" \/>\n<meta property=\"article:publisher\" content=\"https:\/\/www.facebook.com\/pensionlambrecht.sanktlambrecht\" \/>\n<meta property=\"article:modified_time\" content=\"2022-09-08T07:03:03+00:00\" \/>\n<meta name=\"twitter:card\" content=\"summary_large_image\" \/>\n<meta name=\"twitter:label1\" content=\"Est. reading time\" \/>\n\t<meta name=\"twitter:data1\" content=\"3 minutes\" \/>\n<script type=\"application\/ld+json\" class=\"yoast-schema-graph\">{\"@context\":\"https:\\\/\\\/schema.org\",\"@graph\":[{\"@type\":\"WebPage\",\"@id\":\"https:\\\/\\\/pensionlambrecht.at\\\/en\\\/imprint-data-privacy\\\/\",\"url\":\"https:\\\/\\\/pensionlambrecht.at\\\/en\\\/imprint-data-privacy\\\/\",\"name\":\"Imprint & Data privacy - Pension St. Lambrecht\",\"isPartOf\":{\"@id\":\"https:\\\/\\\/pensionlambrecht.at\\\/#website\"},\"datePublished\":\"2022-07-27T12:47:15+00:00\",\"dateModified\":\"2022-09-08T07:03:03+00:00\",\"breadcrumb\":{\"@id\":\"https:\\\/\\\/pensionlambrecht.at\\\/en\\\/imprint-data-privacy\\\/#breadcrumb\"},\"inLanguage\":\"en-US\",\"potentialAction\":[{\"@type\":\"ReadAction\",\"target\":[\"https:\\\/\\\/pensionlambrecht.at\\\/en\\\/imprint-data-privacy\\\/\"]}]},{\"@type\":\"BreadcrumbList\",\"@id\":\"https:\\\/\\\/pensionlambrecht.at\\\/en\\\/imprint-data-privacy\\\/#breadcrumb\",\"itemListElement\":[{\"@type\":\"ListItem\",\"position\":1,\"name\":\"Startseite\",\"item\":\"https:\\\/\\\/pensionlambrecht.at\\\/\"},{\"@type\":\"ListItem\",\"position\":2,\"name\":\"Imprint &#038; Data privacy\"}]},{\"@type\":\"WebSite\",\"@id\":\"https:\\\/\\\/pensionlambrecht.at\\\/#website\",\"url\":\"https:\\\/\\\/pensionlambrecht.at\\\/\",\"name\":\"Pension St. Lambrecht\",\"description\":\"Entspannen, Erholen &amp; Genie\u00dfen\",\"publisher\":{\"@id\":\"https:\\\/\\\/pensionlambrecht.at\\\/#organization\"},\"potentialAction\":[{\"@type\":\"SearchAction\",\"target\":{\"@type\":\"EntryPoint\",\"urlTemplate\":\"https:\\\/\\\/pensionlambrecht.at\\\/?s={search_term_string}\"},\"query-input\":{\"@type\":\"PropertyValueSpecification\",\"valueRequired\":true,\"valueName\":\"search_term_string\"}}],\"inLanguage\":\"en-US\"},{\"@type\":\"Organization\",\"@id\":\"https:\\\/\\\/pensionlambrecht.at\\\/#organization\",\"name\":\"Pension St. Lambrecht\",\"url\":\"https:\\\/\\\/pensionlambrecht.at\\\/\",\"logo\":{\"@type\":\"ImageObject\",\"inLanguage\":\"en-US\",\"@id\":\"https:\\\/\\\/pensionlambrecht.at\\\/#\\\/schema\\\/logo\\\/image\\\/\",\"url\":\"https:\\\/\\\/pensionlambrecht.at\\\/wp-content\\\/uploads\\\/2022\\\/07\\\/logo-pension-Lambrecht-kopie_ml_resize_x2.png\",\"contentUrl\":\"https:\\\/\\\/pensionlambrecht.at\\\/wp-content\\\/uploads\\\/2022\\\/07\\\/logo-pension-Lambrecht-kopie_ml_resize_x2.png\",\"width\":1908,\"height\":1276,\"caption\":\"Pension St. Lambrecht\"},\"image\":{\"@id\":\"https:\\\/\\\/pensionlambrecht.at\\\/#\\\/schema\\\/logo\\\/image\\\/\"},\"sameAs\":[\"https:\\\/\\\/www.facebook.com\\\/pensionlambrecht.sanktlambrecht\"]}]}<\/script>\n<!-- \/ Yoast SEO plugin. -->","yoast_head_json":{"title":"Imprint & Data privacy - Pension St. Lambrecht","robots":{"index":"index","follow":"follow","max-snippet":"max-snippet:-1","max-image-preview":"max-image-preview:large","max-video-preview":"max-video-preview:-1"},"canonical":"https:\/\/pensionlambrecht.at\/en\/imprint-data-privacy\/","og_locale":"en_US","og_type":"article","og_title":"Imprint & Data privacy - Pension St. Lambrecht","og_description":"Impressum &amp; Datenschutz\u00a0\u00a0 Der Schutz Ihrer pers\u00f6nlichen Daten ist uns ein besonderes Anliegen. Wir verarbeiten Ihre Daten ausschlie\u00dflich im Rahmen der gesetzlichen Bestimmungen (DSGVO, DSG 2000, TKG 2003). In diesen Datenschutzinformationen informieren wir Sie \u00fcber die wichtigsten Aspekte der Datenverarbeitung im Rahmen unserer Website. Kontakt mit uns Wenn Sie per Formular auf der Website oder [&hellip;]","og_url":"https:\/\/pensionlambrecht.at\/en\/imprint-data-privacy\/","og_site_name":"Pension St. Lambrecht","article_publisher":"https:\/\/www.facebook.com\/pensionlambrecht.sanktlambrecht","article_modified_time":"2022-09-08T07:03:03+00:00","twitter_card":"summary_large_image","twitter_misc":{"Est. reading time":"3 minutes"},"schema":{"@context":"https:\/\/schema.org","@graph":[{"@type":"WebPage","@id":"https:\/\/pensionlambrecht.at\/en\/imprint-data-privacy\/","url":"https:\/\/pensionlambrecht.at\/en\/imprint-data-privacy\/","name":"Imprint & Data privacy - Pension St. Lambrecht","isPartOf":{"@id":"https:\/\/pensionlambrecht.at\/#website"},"datePublished":"2022-07-27T12:47:15+00:00","dateModified":"2022-09-08T07:03:03+00:00","breadcrumb":{"@id":"https:\/\/pensionlambrecht.at\/en\/imprint-data-privacy\/#breadcrumb"},"inLanguage":"en-US","potentialAction":[{"@type":"ReadAction","target":["https:\/\/pensionlambrecht.at\/en\/imprint-data-privacy\/"]}]},{"@type":"BreadcrumbList","@id":"https:\/\/pensionlambrecht.at\/en\/imprint-data-privacy\/#breadcrumb","itemListElement":[{"@type":"ListItem","position":1,"name":"Startseite","item":"https:\/\/pensionlambrecht.at\/"},{"@type":"ListItem","position":2,"name":"Imprint &#038; Data privacy"}]},{"@type":"WebSite","@id":"https:\/\/pensionlambrecht.at\/#website","url":"https:\/\/pensionlambrecht.at\/","name":"Pension St. Lambrecht","description":"Entspannen, Erholen &amp; Genie\u00dfen","publisher":{"@id":"https:\/\/pensionlambrecht.at\/#organization"},"potentialAction":[{"@type":"SearchAction","target":{"@type":"EntryPoint","urlTemplate":"https:\/\/pensionlambrecht.at\/?s={search_term_string}"},"query-input":{"@type":"PropertyValueSpecification","valueRequired":true,"valueName":"search_term_string"}}],"inLanguage":"en-US"},{"@type":"Organization","@id":"https:\/\/pensionlambrecht.at\/#organization","name":"Pension St. Lambrecht","url":"https:\/\/pensionlambrecht.at\/","logo":{"@type":"ImageObject","inLanguage":"en-US","@id":"https:\/\/pensionlambrecht.at\/#\/schema\/logo\/image\/","url":"https:\/\/pensionlambrecht.at\/wp-content\/uploads\/2022\/07\/logo-pension-Lambrecht-kopie_ml_resize_x2.png","contentUrl":"https:\/\/pensionlambrecht.at\/wp-content\/uploads\/2022\/07\/logo-pension-Lambrecht-kopie_ml_resize_x2.png","width":1908,"height":1276,"caption":"Pension St. Lambrecht"},"image":{"@id":"https:\/\/pensionlambrecht.at\/#\/schema\/logo\/image\/"},"sameAs":["https:\/\/www.facebook.com\/pensionlambrecht.sanktlambrecht"]}]}},"jetpack_sharing_enabled":true,"_links":{"self":[{"href":"https:\/\/pensionlambrecht.at\/en\/wp-json\/wp\/v2\/pages\/5374","targetHints":{"allow":["GET"]}}],"collection":[{"href":"https:\/\/pensionlambrecht.at\/en\/wp-json\/wp\/v2\/pages"}],"about":[{"href":"https:\/\/pensionlambrecht.at\/en\/wp-json\/wp\/v2\/types\/page"}],"author":[{"embeddable":true,"href":"https:\/\/pensionlambrecht.at\/en\/wp-json\/wp\/v2\/users\/2"}],"replies":[{"embeddable":true,"href":"https:\/\/pensionlambrecht.at\/en\/wp-json\/wp\/v2\/comments?post=5374"}],"version-history":[{"count":1,"href":"https:\/\/pensionlambrecht.at\/en\/wp-json\/wp\/v2\/pages\/5374\/revisions"}],"predecessor-version":[{"id":5375,"href":"https:\/\/pensionlambrecht.at\/en\/wp-json\/wp\/v2\/pages\/5374\/revisions\/5375"}],"wp:attachment":[{"href":"https:\/\/pensionlambrecht.at\/en\/wp-json\/wp\/v2\/media?parent=5374"}],"curies":[{"name":"wp","href":"https:\/\/api.w.org\/{rel}","templated":true}]}}